{"id":10,"date":"2024-03-11T15:13:50","date_gmt":"2024-03-11T15:13:50","guid":{"rendered":"https:\/\/apee-electrica.tech\/?page_id=10"},"modified":"2024-04-19T16:41:40","modified_gmt":"2024-04-19T16:41:40","slug":"project-details","status":"publish","type":"page","link":"https:\/\/apee-electrica.tech\/index.php\/project-details\/","title":{"rendered":"Proyectos"},"content":{"rendered":"\n<div class=\"wp-block-group is-layout-constrained wp-block-group-is-layout-constrained\"><div class=\"wp-block-group__inner-container\">\n<div class=\"wp-block-group is-layout-constrained wp-block-group-is-layout-constrained\"><div class=\"wp-block-group__inner-container\">\n<p>&nbsp;<\/p>\n<\/div><\/div>\n<\/div><\/div>\n\n\n\n<div class=\"wp-block-columns is-layout-flex wp-container-core-columns-layout-1 wp-block-columns-is-layout-flex\">\n<div class=\"wp-block-column is-layout-flow wp-block-column-is-layout-flow\"><\/div>\n\n\n\n<div class=\"wp-block-column is-layout-flow wp-block-column-is-layout-flow\"><\/div>\n\n\n\n<div class=\"wp-block-column is-layout-flow wp-block-column-is-layout-flow\"><\/div>\n<\/div>\n\n\n\n<div class=\"wp-block-media-text is-stacked-on-mobile rotate-center\" style=\"padding-top:0;padding-right:0;padding-bottom:0;padding-left:0\"><figure class=\"wp-block-media-text__media\"><img fetchpriority=\"high\" decoding=\"async\" width=\"1008\" height=\"474\" src=\"https:\/\/apee-electrica.tech\/wp-content\/uploads\/2024\/03\/1-2.png\" alt=\"\" class=\"wp-image-811 size-full\" srcset=\"https:\/\/apee-electrica.tech\/wp-content\/uploads\/2024\/03\/1-2.png 1008w, https:\/\/apee-electrica.tech\/wp-content\/uploads\/2024\/03\/1-2-300x141.png 300w, https:\/\/apee-electrica.tech\/wp-content\/uploads\/2024\/03\/1-2-768x361.png 768w\" sizes=\"(max-width: 1008px) 100vw, 1008px\" \/><\/figure><div class=\"wp-block-media-text__content\">\n<p>Pruebas de relaci\u00f3n de transformaci\u00f3n y resistencia de aislamiento a transformador tipo pedestal de 300 kVA.<\/p>\n\n\n\n<div class=\"wp-block-uagb-buttons uagb-buttons__outer-wrap uagb-btn__default-btn uagb-btn-tablet__default-btn uagb-btn-mobile__default-btn uagb-block-f804656e\"><div class=\"uagb-buttons__wrap uagb-buttons-layout-wrap\">\n<div class=\"wp-block-uagb-buttons-child uagb-buttons__outer-wrap uagb-block-0cef5fca wp-block-button\"><div class=\"uagb-button__wrapper\"><a class=\"uagb-buttons-repeater wp-block-button__link\" aria-label=\"\" href=\"https:\/\/apee-electrica.tech\/index.php\/servicios-para-el-buen-funcionamiento-de-instalaciones-electricas\/\" rel=\"follow noopener\" target=\"_self\"><div class=\"uagb-button__link\">Saber m\u00e1s<\/div><\/a><\/div><\/div>\n<\/div><\/div>\n<\/div><\/div>\n\n\n\n<p><\/p>\n\n\n\n<div class=\"wp-block-media-text has-media-on-the-right is-stacked-on-mobile rotate-center\"><div class=\"wp-block-media-text__content\">\n<p>Instalaci\u00f3n de luminarias LED, C\u00f3rdoba, Ver.<\/p>\n\n\n\n<p><a href=\"https:\/\/apee-electrica.tech\/index.php\/project-details\/#\"><\/a><\/p>\n\n\n\n<div class=\"wp-block-uagb-buttons uagb-buttons__outer-wrap uagb-btn__default-btn uagb-btn-tablet__default-btn uagb-btn-mobile__default-btn uagb-block-ee92506f\"><div class=\"uagb-buttons__wrap uagb-buttons-layout-wrap\">\n<div class=\"wp-block-uagb-buttons-child uagb-buttons__outer-wrap uagb-block-5f8ef314 wp-block-button\"><div class=\"uagb-button__wrapper\"><a class=\"uagb-buttons-repeater wp-block-button__link\" aria-label=\"\" href=\"https:\/\/apee-electrica.tech\/index.php\/obra-electrica\/\" rel=\"follow noopener\" target=\"_self\"><div class=\"uagb-button__link\">Saber m\u00e1s<\/div><\/a><\/div><\/div>\n<\/div><\/div>\n<\/div><figure class=\"wp-block-media-text__media\"><img decoding=\"async\" width=\"783\" height=\"574\" src=\"https:\/\/apee-electrica.tech\/wp-content\/uploads\/2024\/03\/2-2.png\" alt=\"\" class=\"wp-image-812 size-full\" srcset=\"https:\/\/apee-electrica.tech\/wp-content\/uploads\/2024\/03\/2-2.png 783w, https:\/\/apee-electrica.tech\/wp-content\/uploads\/2024\/03\/2-2-300x220.png 300w, https:\/\/apee-electrica.tech\/wp-content\/uploads\/2024\/03\/2-2-768x563.png 768w\" sizes=\"(max-width: 783px) 100vw, 783px\" \/><\/figure><\/div>\n\n\n\n<p><\/p>\n\n\n\n<div class=\"wp-block-media-text is-stacked-on-mobile rotate-center\"><figure class=\"wp-block-media-text__media\"><img decoding=\"async\" width=\"746\" height=\"466\" src=\"https:\/\/apee-electrica.tech\/wp-content\/uploads\/2024\/03\/3-3.png\" alt=\"\" class=\"wp-image-813 size-full\" srcset=\"https:\/\/apee-electrica.tech\/wp-content\/uploads\/2024\/03\/3-3.png 746w, https:\/\/apee-electrica.tech\/wp-content\/uploads\/2024\/03\/3-3-300x187.png 300w\" sizes=\"(max-width: 746px) 100vw, 746px\" \/><\/figure><div class=\"wp-block-media-text__content\">\n<p>Extensi\u00f3n de l\u00ednea en media tensi\u00f3n 13,2 kV.<\/p>\n\n\n\n<div class=\"wp-block-uagb-buttons uagb-buttons__outer-wrap uagb-btn__default-btn uagb-btn-tablet__default-btn uagb-btn-mobile__default-btn uagb-block-bd6b28a3\"><div class=\"uagb-buttons__wrap uagb-buttons-layout-wrap\">\n<div class=\"wp-block-uagb-buttons-child uagb-buttons__outer-wrap uagb-block-541b748e wp-block-button\"><div class=\"uagb-button__wrapper\"><a class=\"uagb-buttons-repeater wp-block-button__link\" aria-label=\"\" href=\"https:\/\/apee-electrica.tech\/index.php\/obra-electrica\/\" rel=\"follow noopener\" target=\"_self\"><div class=\"uagb-button__link\">Saber m\u00e1s<\/div><\/a><\/div><\/div>\n<\/div><\/div>\n<\/div><\/div>\n\n\n\n<p>&nbsp;<\/p>\n","protected":false},"excerpt":{"rendered":"<p>&nbsp; &nbsp;<\/p>\n","protected":false},"author":1,"featured_media":0,"parent":0,"menu_order":0,"comment_status":"closed","ping_status":"closed","template":"","meta":{"_uag_custom_page_level_css":"","neve_meta_sidebar":"","neve_meta_container":"","neve_meta_enable_content_width":"on","neve_meta_content_width":100,"neve_meta_title_alignment":"","neve_meta_author_avatar":"","neve_post_elements_order":"","neve_meta_disable_header":"","neve_meta_disable_footer":"","neve_meta_disable_title":"on","footnotes":""},"jetpack_sharing_enabled":true,"uagb_featured_image_src":{"full":false,"thumbnail":false,"medium":false,"medium_large":false,"large":false,"1536x1536":false,"2048x2048":false,"neve-blog":false},"uagb_author_info":{"display_name":"apee-electrica.tech","author_link":"https:\/\/apee-electrica.tech\/index.php\/author\/apee-electrica-tech\/"},"uagb_comment_info":0,"uagb_excerpt":"&nbsp; &nbsp;","_links":{"self":[{"href":"https:\/\/apee-electrica.tech\/index.php\/wp-json\/wp\/v2\/pages\/10"}],"collection":[{"href":"https:\/\/apee-electrica.tech\/index.php\/wp-json\/wp\/v2\/pages"}],"about":[{"href":"https:\/\/apee-electrica.tech\/index.php\/wp-json\/wp\/v2\/types\/page"}],"author":[{"embeddable":true,"href":"https:\/\/apee-electrica.tech\/index.php\/wp-json\/wp\/v2\/users\/1"}],"replies":[{"embeddable":true,"href":"https:\/\/apee-electrica.tech\/index.php\/wp-json\/wp\/v2\/comments?post=10"}],"version-history":[{"count":57,"href":"https:\/\/apee-electrica.tech\/index.php\/wp-json\/wp\/v2\/pages\/10\/revisions"}],"predecessor-version":[{"id":1380,"href":"https:\/\/apee-electrica.tech\/index.php\/wp-json\/wp\/v2\/pages\/10\/revisions\/1380"}],"wp:attachment":[{"href":"https:\/\/apee-electrica.tech\/index.php\/wp-json\/wp\/v2\/media?parent=10"}],"curies":[{"name":"wp","href":"https:\/\/api.w.org\/{rel}","templated":true}]}}