{"id":7,"date":"2024-03-11T15:13:50","date_gmt":"2024-03-11T15:13:50","guid":{"rendered":"https:\/\/apee-electrica.tech\/?page_id=7"},"modified":"2024-04-19T16:33:39","modified_gmt":"2024-04-19T16:33:39","slug":"about","status":"publish","type":"page","link":"https:\/\/apee-electrica.tech\/index.php\/about\/","title":{"rendered":"Nosotros"},"content":{"rendered":"\n<div class=\"wp-block-columns alignfull is-layout-flex wp-container-core-columns-layout-1 wp-block-columns-is-layout-flex\" style=\"border-radius:0px\">\n<div class=\"wp-block-column is-layout-flow wp-block-column-is-layout-flow\" style=\"flex-basis:220px\"><div class=\"wp-block-image\">\n<figure class=\"aligncenter size-full is-resized\"><img decoding=\"async\" width=\"262\" height=\"176\" src=\"https:\/\/apee-electrica.tech\/wp-content\/uploads\/2024\/04\/Captura-de-pantalla-2024-04-12-155224.png\" alt=\"\" class=\"wp-image-1288\" style=\"object-fit:contain;width:200px;height:120px\"\/><\/figure><\/div>\n\n<div class=\"wp-block-image\">\n<figure class=\"aligncenter size-full is-resized\"><img fetchpriority=\"high\" decoding=\"async\" width=\"400\" height=\"284\" src=\"https:\/\/apee-electrica.tech\/wp-content\/uploads\/2024\/04\/e445b92d-e8a8-4d8e-ad78-9e4cd9bc279e-1-copia-3-2.jpg\" alt=\"\" class=\"wp-image-1365\" style=\"width:148px;height:auto\" srcset=\"https:\/\/apee-electrica.tech\/wp-content\/uploads\/2024\/04\/e445b92d-e8a8-4d8e-ad78-9e4cd9bc279e-1-copia-3-2.jpg 400w, https:\/\/apee-electrica.tech\/wp-content\/uploads\/2024\/04\/e445b92d-e8a8-4d8e-ad78-9e4cd9bc279e-1-copia-3-2-300x213.jpg 300w\" sizes=\"(max-width: 400px) 100vw, 400px\" \/><\/figure><\/div>\n\n\n<p><\/p>\n<\/div>\n\n\n\n<div class=\"wp-block-column is-vertically-aligned-center is-layout-flow wp-block-column-is-layout-flow\">\n<h2 class=\"wp-block-heading has-text-align-left\"><br>Misi\u00f3n <\/h2>\n\n\n\n<p><br>Aplicar Ingenier\u00eda precisa, aprovechar los recursos tecnol\u00f3gicos disponibles y el talento de nuestros colaboradores para crear soluciones confiables e innovadoras. Garantizar la calidad y buscar la amplia satisfacci\u00f3n de nuestros clientes a trav\u00e9s de la atenci\u00f3n personalizada.<\/p>\n<\/div>\n\n\n\n<div class=\"wp-block-column is-layout-flow wp-block-column-is-layout-flow\">\n<h2 class=\"wp-block-heading\"><\/h2>\n\n\n\n<p><\/p>\n\n\n\n<p><\/p>\n<\/div>\n<\/div>\n\n\n\n<div class=\"wp-block-columns alignfull is-layout-flex wp-container-core-columns-layout-2 wp-block-columns-is-layout-flex\">\n<div class=\"wp-block-column is-layout-flow wp-block-column-is-layout-flow\" style=\"flex-basis:220px\"><div class=\"wp-block-image\">\n<figure class=\"aligncenter size-full is-resized\"><img decoding=\"async\" width=\"1066\" height=\"1600\" src=\"https:\/\/apee-electrica.tech\/wp-content\/uploads\/2024\/03\/3bbdef35-517b-4215-a340-ba8e9a9845a9.jpg\" alt=\"\" class=\"wp-image-502\" style=\"object-fit:cover;width:140px;height:210px\" srcset=\"https:\/\/apee-electrica.tech\/wp-content\/uploads\/2024\/03\/3bbdef35-517b-4215-a340-ba8e9a9845a9.jpg 1066w, https:\/\/apee-electrica.tech\/wp-content\/uploads\/2024\/03\/3bbdef35-517b-4215-a340-ba8e9a9845a9-200x300.jpg 200w, https:\/\/apee-electrica.tech\/wp-content\/uploads\/2024\/03\/3bbdef35-517b-4215-a340-ba8e9a9845a9-682x1024.jpg 682w, https:\/\/apee-electrica.tech\/wp-content\/uploads\/2024\/03\/3bbdef35-517b-4215-a340-ba8e9a9845a9-768x1153.jpg 768w, https:\/\/apee-electrica.tech\/wp-content\/uploads\/2024\/03\/3bbdef35-517b-4215-a340-ba8e9a9845a9-1023x1536.jpg 1023w\" sizes=\"(max-width: 1066px) 100vw, 1066px\" \/><\/figure><\/div><\/div>\n\n\n\n<div class=\"wp-block-column is-vertically-aligned-center is-layout-flow wp-block-column-is-layout-flow\">\n<h2 class=\"wp-block-heading\">Visi\u00f3n<\/h2>\n\n\n\n<p><br>Posicionar a APEE como una empresa confiable a nivel nacional, reconocida por el profesionalismo y capacidad t\u00e9cnica del equipo de trabajo. Ser parte esencial en el crecimiento y desarrollo de clientes y colaboradores.<\/p>\n<\/div>\n\n\n\n<div class=\"wp-block-column is-layout-flow wp-block-column-is-layout-flow\"><\/div>\n<\/div>\n\n\n\n<figure class=\"wp-block-image size-large is-resized\"><img decoding=\"async\" src=\"https:\/\/www.seekpng.com\/png\/full\/200-2004659_menu-barra-boton-amber.png\" alt=\"\" style=\"object-fit:cover;width:1000px;height:1px\"\/><\/figure>\n\n\n<div class=\"wp-block-image\">\n<figure class=\"alignleft size-full\"><img loading=\"lazy\" decoding=\"async\" width=\"2732\" height=\"1536\" src=\"https:\/\/apee-electrica.tech\/wp-content\/uploads\/2024\/03\/941df045-b8d1-4e2e-8047-f3bab6e210ea.png\" alt=\"\" class=\"wp-image-577\" srcset=\"https:\/\/apee-electrica.tech\/wp-content\/uploads\/2024\/03\/941df045-b8d1-4e2e-8047-f3bab6e210ea.png 2732w, https:\/\/apee-electrica.tech\/wp-content\/uploads\/2024\/03\/941df045-b8d1-4e2e-8047-f3bab6e210ea-300x169.png 300w, https:\/\/apee-electrica.tech\/wp-content\/uploads\/2024\/03\/941df045-b8d1-4e2e-8047-f3bab6e210ea-1024x576.png 1024w, https:\/\/apee-electrica.tech\/wp-content\/uploads\/2024\/03\/941df045-b8d1-4e2e-8047-f3bab6e210ea-768x432.png 768w, https:\/\/apee-electrica.tech\/wp-content\/uploads\/2024\/03\/941df045-b8d1-4e2e-8047-f3bab6e210ea-1536x864.png 1536w, https:\/\/apee-electrica.tech\/wp-content\/uploads\/2024\/03\/941df045-b8d1-4e2e-8047-f3bab6e210ea-2048x1151.png 2048w\" sizes=\"(max-width: 2732px) 100vw, 2732px\" \/><\/figure><\/div>","protected":false},"excerpt":{"rendered":"<p>Misi\u00f3n Aplicar Ingenier\u00eda precisa, aprovechar los recursos tecnol\u00f3gicos disponibles y el talento de nuestros colaboradores para crear soluciones confiables e innovadoras. Garantizar la calidad y buscar la amplia satisfacci\u00f3n de nuestros clientes a trav\u00e9s de la atenci\u00f3n personalizada. Visi\u00f3n Posicionar a APEE como una empresa confiable a nivel nacional, reconocida por el profesionalismo y capacidad&hellip;&nbsp;<a href=\"https:\/\/apee-electrica.tech\/index.php\/about\/\" class=\"\" rel=\"bookmark\">Leer m\u00e1s &raquo;<span class=\"screen-reader-text\">Nosotros<\/span><\/a><\/p>\n","protected":false},"author":1,"featured_media":0,"parent":0,"menu_order":0,"comment_status":"closed","ping_status":"closed","template":"","meta":{"_uag_custom_page_level_css":"","neve_meta_sidebar":"","neve_meta_container":"","neve_meta_enable_content_width":"on","neve_meta_content_width":100,"neve_meta_title_alignment":"","neve_meta_author_avatar":"","neve_post_elements_order":"","neve_meta_disable_header":"","neve_meta_disable_footer":"","neve_meta_disable_title":"on","footnotes":""},"jetpack_sharing_enabled":true,"uagb_featured_image_src":{"full":false,"thumbnail":false,"medium":false,"medium_large":false,"large":false,"1536x1536":false,"2048x2048":false,"neve-blog":false},"uagb_author_info":{"display_name":"apee-electrica.tech","author_link":"https:\/\/apee-electrica.tech\/index.php\/author\/apee-electrica-tech\/"},"uagb_comment_info":0,"uagb_excerpt":"Misi\u00f3n Aplicar Ingenier\u00eda precisa, aprovechar los recursos tecnol\u00f3gicos disponibles y el talento de nuestros colaboradores para crear soluciones confiables e innovadoras. Garantizar la calidad y buscar la amplia satisfacci\u00f3n de nuestros clientes a trav\u00e9s de la atenci\u00f3n personalizada. Visi\u00f3n Posicionar a APEE como una empresa confiable a nivel nacional, reconocida por el profesionalismo y capacidad&hellip;&nbsp;Leer&hellip;","_links":{"self":[{"href":"https:\/\/apee-electrica.tech\/index.php\/wp-json\/wp\/v2\/pages\/7"}],"collection":[{"href":"https:\/\/apee-electrica.tech\/index.php\/wp-json\/wp\/v2\/pages"}],"about":[{"href":"https:\/\/apee-electrica.tech\/index.php\/wp-json\/wp\/v2\/types\/page"}],"author":[{"embeddable":true,"href":"https:\/\/apee-electrica.tech\/index.php\/wp-json\/wp\/v2\/users\/1"}],"replies":[{"embeddable":true,"href":"https:\/\/apee-electrica.tech\/index.php\/wp-json\/wp\/v2\/comments?post=7"}],"version-history":[{"count":102,"href":"https:\/\/apee-electrica.tech\/index.php\/wp-json\/wp\/v2\/pages\/7\/revisions"}],"predecessor-version":[{"id":1379,"href":"https:\/\/apee-electrica.tech\/index.php\/wp-json\/wp\/v2\/pages\/7\/revisions\/1379"}],"wp:attachment":[{"href":"https:\/\/apee-electrica.tech\/index.php\/wp-json\/wp\/v2\/media?parent=7"}],"curies":[{"name":"wp","href":"https:\/\/api.w.org\/{rel}","templated":true}]}}